{"id":3154,"date":"2024-10-07T09:07:32","date_gmt":"2024-10-07T07:07:32","guid":{"rendered":"https:\/\/www.diebutter.ch\/?page_id=3154"},"modified":"2024-11-11T13:40:24","modified_gmt":"2024-11-11T12:40:24","slug":"empreinte","status":"publish","type":"page","link":"https:\/\/www.diebutter.ch\/fr\/impressum\/","title":{"rendered":"Mentions L\u00e9gales"},"content":{"rendered":"<div data-elementor-type=\"wp-page\" data-elementor-id=\"3154\" class=\"elementor elementor-3154\" data-elementor-post-type=\"page\">\n\t\t\t\t<div class=\"elementor-element elementor-element-30a6963 e-flex e-con-boxed e-con e-parent\" data-id=\"30a6963\" data-element_type=\"container\" data-e-type=\"container\" data-settings=\"{&quot;background_background&quot;:&quot;classic&quot;,&quot;jet_parallax_layout_list&quot;:[]}\">\n\t\t\t\t\t<div class=\"e-con-inner\">\n\t\t<div class=\"elementor-element elementor-element-5e8b64c e-con-full e-flex e-con e-child\" data-id=\"5e8b64c\" data-element_type=\"container\" data-e-type=\"container\" data-settings=\"{&quot;background_background&quot;:&quot;classic&quot;,&quot;position&quot;:&quot;absolute&quot;,&quot;jet_parallax_layout_list&quot;:[]}\">\n\t\t\t\t<\/div>\n\t\t\t\t\t<\/div>\n\t\t\t\t<\/div>\n\t\t<div class=\"elementor-element elementor-element-ab2df2f e-flex e-con-boxed e-con e-parent\" data-id=\"ab2df2f\" data-element_type=\"container\" data-e-type=\"container\" data-settings=\"{&quot;jet_parallax_layout_list&quot;:[]}\">\n\t\t\t\t\t<div class=\"e-con-inner\">\n\t\t\t\t<div class=\"elementor-element elementor-element-c694dc4 elementor-widget elementor-widget-heading\" data-id=\"c694dc4\" data-element_type=\"widget\" data-e-type=\"widget\" data-widget_type=\"heading.default\">\n\t\t\t\t<div class=\"elementor-widget-container\">\n\t\t\t\t\t<h1 class=\"elementor-heading-title elementor-size-default\">Mentions L\u00e9gales<\/h1>\t\t\t\t<\/div>\n\t\t\t\t<\/div>\n\t\t<div class=\"elementor-element elementor-element-3d6fa65 e-con-full e-flex e-con e-child\" data-id=\"3d6fa65\" data-element_type=\"container\" data-e-type=\"container\" data-settings=\"{&quot;jet_parallax_layout_list&quot;:[]}\">\n\t\t\t\t<div class=\"elementor-element elementor-element-3b20e48 elementor-widget elementor-widget-heading\" data-id=\"3b20e48\" data-element_type=\"widget\" data-e-type=\"widget\" data-widget_type=\"heading.default\">\n\t\t\t\t<div class=\"elementor-widget-container\">\n\t\t\t\t\t<h2 class=\"elementor-heading-title elementor-size-default\">Est responsable du contenu de ce site web\n<\/h2>\t\t\t\t<\/div>\n\t\t\t\t<\/div>\n\t\t\t\t<div class=\"elementor-element elementor-element-0ab0372 elementor-widget elementor-widget-text-editor\" data-id=\"0ab0372\" data-element_type=\"widget\" data-e-type=\"widget\" data-widget_type=\"text-editor.default\">\n\t\t\t\t<div class=\"elementor-widget-container\">\n\t\t\t\t\t\t\t\t\t<div class=\"col-md-6\"><div id=\"c560\" class=\"ctype-text default grid- margin-bottom-1\"><div class=\"container\"><div class=\"\" data-vp-add-class=\"in fadeIn\" data-vp-repeat=\"0\"><div class=\"row\"><div class=\"col-xs-12\"><p><strong>OS Beurre S\u00e0rl<\/strong><br \/>Laubeggstrasse 68<br \/>3006 Bern<\/p><p>031 359 56 11<br \/><a href=\"mailto:info@bobutter.ch\">info@bobutter.ch<\/a><br \/><a href=\"http:\/\/www.bobutter.ch\/\" target=\"_blank\" rel=\"noopener noreferrer nofollow\">www.bobutter.ch<\/a><\/p><\/div><\/div><\/div><\/div><\/div><\/div>\t\t\t\t\t\t\t\t<\/div>\n\t\t\t\t<\/div>\n\t\t\t\t<\/div>\n\t\t<div class=\"elementor-element elementor-element-401b415 e-con-full e-flex e-con e-child\" data-id=\"401b415\" data-element_type=\"container\" data-e-type=\"container\" data-settings=\"{&quot;jet_parallax_layout_list&quot;:[]}\">\n\t\t\t\t<div class=\"elementor-element elementor-element-812aa19 elementor-widget elementor-widget-heading\" data-id=\"812aa19\" data-element_type=\"widget\" data-e-type=\"widget\" data-widget_type=\"heading.default\">\n\t\t\t\t<div class=\"elementor-widget-container\">\n\t\t\t\t\t<h2 class=\"elementor-heading-title elementor-size-default\">Conception, design et r\u00e9alisation<\/h2>\t\t\t\t<\/div>\n\t\t\t\t<\/div>\n\t\t\t\t<div class=\"elementor-element elementor-element-7543456 elementor-widget elementor-widget-text-editor\" data-id=\"7543456\" data-element_type=\"widget\" data-e-type=\"widget\" data-widget_type=\"text-editor.default\">\n\t\t\t\t<div class=\"elementor-widget-container\">\n\t\t\t\t\t\t\t\t\t<div class=\"col-md-6\"><div id=\"c560\" class=\"ctype-text default grid- margin-bottom-1\"><div class=\"container\"><div class=\"\" data-vp-add-class=\"in fadeIn\" data-vp-repeat=\"0\"><div class=\"row\"><div class=\"col-xs-12\"><p><strong>millefeuilles ag<br \/><\/strong>Bonnstrasse 18<br \/>3186 D\u00fcdingen<\/p><p><a href=\"mailto:info@millefeuilles.ch\">info@millefeuilles.ch<\/a><br \/><a href=\"tel:+41264925324\">+41 26 492 53 24<\/a><\/p><\/div><\/div><\/div><\/div><\/div><\/div>\t\t\t\t\t\t\t\t<\/div>\n\t\t\t\t<\/div>\n\t\t\t\t<\/div>\n\t\t<div class=\"elementor-element elementor-element-cdf86ee e-con-full e-flex e-con e-child\" data-id=\"cdf86ee\" data-element_type=\"container\" data-e-type=\"container\" data-settings=\"{&quot;jet_parallax_layout_list&quot;:[]}\">\n\t\t\t\t<div class=\"elementor-element elementor-element-5a58b0b elementor-widget elementor-widget-heading\" data-id=\"5a58b0b\" data-element_type=\"widget\" data-e-type=\"widget\" data-widget_type=\"heading.default\">\n\t\t\t\t<div class=\"elementor-widget-container\">\n\t\t\t\t\t<h2 class=\"elementor-heading-title elementor-size-default\">Cr\u00e9dits photographiques<\/h2>\t\t\t\t<\/div>\n\t\t\t\t<\/div>\n\t\t\t\t<div class=\"elementor-element elementor-element-28b3977 elementor-widget elementor-widget-text-editor\" data-id=\"28b3977\" data-element_type=\"widget\" data-e-type=\"widget\" data-widget_type=\"text-editor.default\">\n\t\t\t\t<div class=\"elementor-widget-container\">\n\t\t\t\t\t\t\t\t\t<p><a href=\"https:\/\/www.instagram.com\/littleswissbakery\/\" target=\"_blank\" rel=\"noopener nofollow\"><strong>Nadja (@littleswissbakery)<\/strong><\/a><br \/><a href=\"https:\/\/www.instagram.com\/laessia\/\" target=\"_blank\" rel=\"noopener nofollow\"><strong>Alessia (@laessia)<\/strong><\/a><\/p>\t\t\t\t\t\t\t\t<\/div>\n\t\t\t\t<\/div>\n\t\t\t\t<\/div>\n\t\t\t\t<div class=\"elementor-element elementor-element-fd46a86 elementor-widget-divider--view-line elementor-widget elementor-widget-divider\" data-id=\"fd46a86\" data-element_type=\"widget\" data-e-type=\"widget\" data-widget_type=\"divider.default\">\n\t\t\t\t<div class=\"elementor-widget-container\">\n\t\t\t\t\t\t\t<div class=\"elementor-divider\">\n\t\t\t<span class=\"elementor-divider-separator\">\n\t\t\t\t\t\t<\/span>\n\t\t<\/div>\n\t\t\t\t\t\t<\/div>\n\t\t\t\t<\/div>\n\t\t\t\t<div class=\"elementor-element elementor-element-5c97faf elementor-widget elementor-widget-heading\" data-id=\"5c97faf\" data-element_type=\"widget\" data-e-type=\"widget\" data-widget_type=\"heading.default\">\n\t\t\t\t<div class=\"elementor-widget-container\">\n\t\t\t\t\t<h2 class=\"elementor-heading-title elementor-size-default\">Exclusion de responsabilit\u00e9<\/h2>\t\t\t\t<\/div>\n\t\t\t\t<\/div>\n\t\t\t\t<div class=\"elementor-element elementor-element-8bbce85 elementor-widget elementor-widget-text-editor\" data-id=\"8bbce85\" data-element_type=\"widget\" data-e-type=\"widget\" data-widget_type=\"text-editor.default\">\n\t\t\t\t<div class=\"elementor-widget-container\">\n\t\t\t\t\t\t\t\t\t<div id=\"c10\" class=\"ctype-text default grid- margin-bottom-1\"><div class=\"container\"><div class=\"row\"><div class=\"col-xs-12\"><p><strong>1. Contenu de l'offre en ligne<\/strong><\/p><\/div><\/div><\/div><div class=\"container\"><div class=\"\" data-vp-add-class=\"in fadeIn\" data-vp-repeat=\"0\"><div class=\"row\"><div class=\"col-xs-12\"><p>L'auteur ne donne aucune garantie sur le caract\u00e8re actuel, correct et complet des informations d\u00e9livr\u00e9es sur ce site. Toute demande de r\u00e9paration de pr\u00e9judice \u00e9lev\u00e9e contre l'auteur et se rapportant \u00e0 des dommages de nature mat\u00e9rielle ou id\u00e9elle ayant \u00e9t\u00e9 caus\u00e9s par l'utilisation ou la non-utilisation des informations pr\u00e9sent\u00e9es ou par l'utilisation d'informations erron\u00e9es ou incompl\u00e8tes est par principe exclue, pour autant qu'il ne soit pas prouv\u00e9 que l'auteur a commis une faute de mani\u00e8re d\u00e9lib\u00e9r\u00e9e ou par n\u00e9gligence grossi\u00e8re.<\/p><p>Toutes les offres sont sans engagement et non contractuelles. L'auteur se r\u00e9serve express\u00e9ment le droit de modifier, de compl\u00e9ter et de supprimer, sans annonce pr\u00e9alable particuli\u00e8re, des parties de pages ou la totalit\u00e9 de l'offre ou en-core d'en suspendre occasionnellement ou d\u00e9finitivement la publication.<\/p><\/div><\/div><\/div><\/div><\/div><div id=\"c11\" class=\"ctype-text default grid- margin-bottom-1\"><div class=\"container\"><div class=\"row\"><div class=\"col-xs-12\"><p><strong>2. Renvois et liens<\/strong><\/p><\/div><\/div><\/div><div class=\"container\"><div class=\"\" data-vp-add-class=\"in fadeIn\" data-vp-repeat=\"0\"><div class=\"row\"><div class=\"col-xs-12\"><p>En cas de renvois directs ou indirects vers les pages Web de tiers (\"liens\") se trouvant hors du domaine de responsabilit\u00e9 de l'auteur, sa responsabilit\u00e9 serait engag\u00e9e exclusivement au cas o\u00f9 l'auteur aurait connaissance des contenus en cause et qu'il lui serait techniquement possible et qu'il pourrait \u00eatre raisonnablement exig\u00e9 de lui d'en emp\u00eacher l'utilisation au cas o\u00f9 ces contenus s'av\u00e9reraient ill\u00e9gaux.\nL'auteur d\u00e9clare explicitement par la pr\u00e9sente qu'au moment de la cr\u00e9ation du lien, les pages concern\u00e9es par ce lien ne contenaient pas de contenus ill\u00e9gaux. L'auteur n'a aucune influence sur la conception actuelle et future, les contenus ou les droits d'auteur concernant les pages auxquelles il est fait r\u00e9f\u00e9rence par des liens ou des renvois. C'est pourquoi l'auteur d\u00e9clare express\u00e9ment n'assumer aucune responsabilit\u00e9 pour la totalit\u00e9 des contenus de toutes les pages concern\u00e9es par ces liens ou renvois qui auront \u00e9t\u00e9 modifi\u00e9es apr\u00e8s l'\u00e9tablissement du lien en cause. Ceci est valable pour tous les liens et renvois publi\u00e9s sur son propre site Internet de m\u00eame que pour les entr\u00e9es effectu\u00e9es par des tiers dans des livres d'h\u00f4tes, listes de diffusion mis en place par l'auteur. Dans le cas de contenus ill\u00e9gaux, erron\u00e9s ou incomplets et notamment dans le cas de dommages d\u00e9coulant de l'utilisation ou de la non-utilisation d'informations pr\u00e9sent\u00e9es de cette mani\u00e8re, le seul responsable est le fournisseur de la page vers laquelle un lien a \u00e9t\u00e9 \u00e9tabli.<\/p><\/div><\/div><\/div><\/div><\/div><div id=\"c12\" class=\"ctype-text default grid- margin-bottom-1\"><div class=\"container\"><div class=\"row\"><div class=\"col-xs-12\"><p><strong>3. Droits d'auteur et droit des signes distinctifs<\/strong><\/p><\/div><\/div><\/div><div class=\"container\"><div class=\"\" data-vp-add-class=\"in fadeIn\" data-vp-repeat=\"0\"><div class=\"row\"><div class=\"col-xs-12\"><p>Dans toutes ses publications, l'auteur s'efforce de tenir compte des droits d'auteur sur les images, documents sonores, s\u00e9quences vid\u00e9o et textes utilis\u00e9s, d'utiliser ses propres images, documents sonores, s\u00e9quences vid\u00e9o et textes ou de recourir \u00e0 des images, documents sonores, s\u00e9quences vid\u00e9o et textes libres de droits. Toutes les marques et marques d\u00e9pos\u00e9es mentionn\u00e9es sur le site Internet et \u00e9ventuellement cit\u00e9es par des tiers sont soumises sans exception aux dispositions du droit des signes distinctifs applicable et aux droits de propri\u00e9t\u00e9 des propri\u00e9taires respectifs enregistr\u00e9s. Le simple fait de les nommer ne permet pas de conclure que ces marques d\u00e9pos\u00e9es ne sont pas prot\u00e9g\u00e9es par les droits de tiers. L'auteur des pages reste seul pro-pri\u00e9taire du droit d'auteur sur les objets publi\u00e9s et cr\u00e9\u00e9s par l'auteur lui-m\u00eame. La reproduction ou l'utilisation de tels images, documents sonores, s\u00e9quences vid\u00e9o et textes dans d'autres publications \u00e9lectroniques ou imprim\u00e9es sont interdites sans l'accord formel de l'auteur.<\/p><\/div><\/div><\/div><\/div><\/div><div id=\"c14\" class=\"ctype-text default grid- margin-bottom-1\"><div class=\"container\"><div class=\"row\"><div class=\"col-xs-12\"><p><strong>4. Validit\u00e9 juridique de la pr\u00e9sente exclusion de responsabilit\u00e9<\/strong><\/p><\/div><\/div><\/div><div class=\"container\"><div class=\"\" data-vp-add-class=\"in fadeIn\" data-vp-repeat=\"0\"><div class=\"row\"><div class=\"col-xs-12\"><p>Cette exclusion de responsabilit\u00e9 doit \u00eatre consid\u00e9r\u00e9e comme faisant partie de l'offre Internet \u00e0 partir de laquelle le renvoi \u00e0 ces pages a eu lieu. Dans la mesure o\u00f9 des parties ou des formulations particuli\u00e8res de ce texte ne correspondraient pas (ou ne correspondraient plus) int\u00e9gralement au droit en vigueur, le contenu et la validit\u00e9 des autres parties dudit document resteront intacts.<\/p><\/div><\/div><\/div><\/div><\/div>\t\t\t\t\t\t\t\t<\/div>\n\t\t\t\t<\/div>\n\t\t\t\t\t<\/div>\n\t\t\t\t<\/div>\n\t\t\t\t<\/div>","protected":false},"excerpt":{"rendered":"<p>Impressum Verantwortlich f\u00fcr den Inhalt der Webseite Branchenorganisation Butter GmbHLaubeggstrasse 683006 Bern 031 359 56 11info@bobutter.chwww.bobutter.ch Konzeption, Design und technische Umsetzung der Webseite millefeuilles agBonnstrasse 183186 D\u00fcdingen info@millefeuilles.ch+41 26 492 53 24 Bildnachweise Nadja (@littleswissbakery)Alessia (@laessia) Haftungsausschluss 1.\u00a0Inhalt\u00a0des\u00a0Onlineangebotes Der Autor \u00fcbernimmt keine Gew\u00e4hr f\u00fcr die Aktualit\u00e4t, Korrektheit und Vollst\u00e4ndigkeit der auf diesen Seiten bereitgestellten Informationen. [&hellip;]<\/p>\n","protected":false},"author":1,"featured_media":0,"parent":0,"menu_order":0,"comment_status":"closed","ping_status":"closed","template":"","meta":{"footnotes":""},"class_list":["post-3154","page","type-page","status-publish","hentry"],"_links":{"self":[{"href":"https:\/\/www.diebutter.ch\/fr\/wp-json\/wp\/v2\/pages\/3154","targetHints":{"allow":["GET"]}}],"collection":[{"href":"https:\/\/www.diebutter.ch\/fr\/wp-json\/wp\/v2\/pages"}],"about":[{"href":"https:\/\/www.diebutter.ch\/fr\/wp-json\/wp\/v2\/types\/page"}],"author":[{"embeddable":true,"href":"https:\/\/www.diebutter.ch\/fr\/wp-json\/wp\/v2\/users\/1"}],"replies":[{"embeddable":true,"href":"https:\/\/www.diebutter.ch\/fr\/wp-json\/wp\/v2\/comments?post=3154"}],"version-history":[{"count":4,"href":"https:\/\/www.diebutter.ch\/fr\/wp-json\/wp\/v2\/pages\/3154\/revisions"}],"predecessor-version":[{"id":4438,"href":"https:\/\/www.diebutter.ch\/fr\/wp-json\/wp\/v2\/pages\/3154\/revisions\/4438"}],"wp:attachment":[{"href":"https:\/\/www.diebutter.ch\/fr\/wp-json\/wp\/v2\/media?parent=3154"}],"curies":[{"name":"wp","href":"https:\/\/api.w.org\/{rel}","templated":true}]}}